{"id":23,"date":"2014-05-05T19:27:52","date_gmt":"2014-05-05T18:27:52","guid":{"rendered":"http:\/\/bernardvanbaalen.wordpress.com\/?page_id=23"},"modified":"2014-05-05T19:27:52","modified_gmt":"2014-05-05T18:27:52","slug":"curriculum","status":"publish","type":"page","link":"https:\/\/bernardvanbaalen.com\/?page_id=23","title":{"rendered":"Des dates, en bref"},"content":{"rendered":"<p><em><strong>Bernard van Baalen<\/strong><\/em><\/p>\n<p style=\"margin-bottom:0;line-height:100%;\"><span style=\"color:#000000;\"><span style=\"font-family:Verdana, sans-serif;\"><span style=\"font-size:medium;\">N\u00e9 en 1943 \u00e0 Gen\u00e8ve.<\/span><\/span><\/span><\/p>\n<p style=\"margin-bottom:0;line-height:100%;\"><span style=\"color:#000000;\"><span style=\"font-family:Verdana, sans-serif;\"><span style=\"font-size:medium;\">Encourag\u00e9 au coll\u00e8ge de Gen\u00e8ve par Maurice Wenger en 1956 \u00e0 poursuivre ses exp\u00e9riences picturales,<\/span><\/span><\/span><\/p>\n<p style=\"margin-bottom:0;line-height:100%;\"><span style=\"color:#000000;\"><span style=\"font-family:Verdana, sans-serif;\"><span style=\"font-size:medium;\">Il met en sc\u00e8ne et fait les d\u00e9cors de quelques spectacles scolaires \u00e0 Gen\u00e8ve et Lyon.<\/span><\/span><\/span><\/p>\n<p style=\"margin-bottom:0;line-height:100%;\"><span style=\"color:#000000;\"><span style=\"font-family:Verdana, sans-serif;\"><span style=\"font-size:medium;\">Apr\u00e8s une formation en dessin d\u2019architecture, il fait une licence en th\u00e9ologie et suit une formation en journalisme, t\u00e9l\u00e9vision et th\u00e9\u00e2tre aux USA avec une bourse du COE.<\/span><\/span><\/span><\/p>\n<p style=\"margin-bottom:0;line-height:100%;\"><b>Il organise sa premi\u00e8re exposition en 1968<\/b><\/p>\n<p style=\"margin-bottom:0;line-height:100%;\"><span style=\"color:#000000;\"><span style=\"font-family:Verdana, sans-serif;\"><span style=\"font-size:medium;\">Stagiaire de r\u00e9alisation \u00e0 la TV romande, puis d\u00e8s l972 pasteur dans le canton de Vaud, Il devient formateur en communication TV et Radio pour les \u00e9glises de Suisses romandes, avec un important engagement dans une organisation internationale des M\u00e9dias.<\/span><\/span><\/span><\/p>\n<p style=\"margin-bottom:0;line-height:100%;\"><span style=\"color:#000000;\"><span style=\"font-family:Verdana, sans-serif;\"><span style=\"font-size:medium;\">De retour \u00e0 Gen\u00e8ve il anime un studio de TV pour la formation aux Avanchets au nom des \u00e9glises protestantes et catholiques.<\/span><\/span><\/span><\/p>\n<p style=\"margin-bottom:0;line-height:100%;\"><span style=\"color:#000000;\"><span style=\"font-family:Verdana, sans-serif;\"><span style=\"font-size:medium;\">Il organise des ateliers de vid\u00e9o puis de marionnettes au Camp Biblique Oecum\u00e9nique de Vaumarcus depuis 1973.<\/span><\/span><\/span><\/p>\n<p style=\"margin-bottom:0;line-height:100%;\"><span style=\"color:#000000;\"><span style=\"font-family:Verdana, sans-serif;\"><span style=\"font-size:medium;\">Il suit des cours de gravures avec <\/span><\/span><\/span><span style=\"color:#000000;\"><span style=\"font-family:Verdana, sans-serif;\"><span style=\"font-size:medium;\"><b>Marc Jurt <\/b><\/span><\/span><\/span><span style=\"color:#000000;\"><span style=\"font-family:Verdana, sans-serif;\"><span style=\"font-size:medium;\">et<\/span><\/span><\/span><span style=\"color:#000000;\"><span style=\"font-family:Verdana, sans-serif;\"><span style=\"font-size:medium;\"><b> Marco Bertino <\/b><\/span><\/span><\/span><span style=\"color:#000000;\"><span style=\"font-family:Verdana, sans-serif;\"><span style=\"font-size:medium;\">au Coll\u00e8ge de Saussure dans le cadre des activit\u00e9s <\/span><\/span><\/span><span style=\"color:#000000;\"><span style=\"font-family:Verdana, sans-serif;\"><span style=\"font-size:medium;\"><i>Cultures et Rencontres<\/i><\/span><\/span><\/span><span style=\"color:#000000;\"><span style=\"font-family:Verdana, sans-serif;\"><span style=\"font-size:medium;\"> pendant quelques ann\u00e9es.<\/span><\/span><\/span><\/p>\n<p style=\"margin-bottom:0;line-height:100%;\"><span style=\"color:#000000;\"><span style=\"font-family:Verdana, sans-serif;\"><span style=\"font-size:medium;\">Il fait aussi bien de la gravure sur verre que des planches de dessins pour l\u2019enseignement religieux, <\/span><\/span><\/span><\/p>\n<p style=\"margin-bottom:0;line-height:100%;\"><span style=\"color:#000000;\"><span style=\"font-family:Verdana, sans-serif;\"><span style=\"font-size:medium;\">comme des d\u00e9cors pour le Th\u00e9\u00e2tre le GUIGNOLU \u00e9tabli l\u00e0 o\u00f9 il a \u00e9t\u00e9 pasteur \u00e0 La Jonction. <\/span><\/span><\/span><\/p>\n<p style=\"margin-bottom:0;line-height:100%;\"><strong>Depuis 1971 \u00e0 Dommartin jusqu&rsquo;en 2005 \u00e0 Gen\u00e8ve<\/strong><\/p>\n<p style=\"margin-bottom:0;line-height:100%;\">il es pasteur \u00e0 mi salaire (sic)<\/p>\n<p style=\"margin-bottom:0;line-height:100%;\"><span style=\"color:#000000;\"><span style=\"font-family:Verdana, sans-serif;\"><span style=\"font-size:medium;\">il organise un atelier de gravure qui avait \u00e9t\u00e9 pr\u00e9vu dans un projet avort\u00e9 au Temple des P\u00e2quis, <\/span><\/span><\/span><\/p>\n<p style=\"margin-bottom:0;line-height:100%;\"><span style=\"color:#000000;\"><span style=\"font-family:Verdana, sans-serif;\"><span style=\"font-size:medium;\">partie int\u00e9grante d\u2019un projet culturel et musical plus global sponsoris\u00e9 par une g\u00e9n\u00e9reuse donatrice: B.Hofmann.<br \/>\n<\/span><\/span><\/span><\/p>\n<h4 style=\"margin-bottom:0;line-height:100%;\"><strong>1998 ouverture de l&rsquo;atelier du \u00ab\u00a0Poisson Bouge\u00a0\u00bb<\/strong><\/h4>\n<div id=\"attachment_59\" style=\"width: 310px\" class=\"wp-caption alignleft\"><img loading=\"lazy\" decoding=\"async\" aria-describedby=\"caption-attachment-59\" class=\"wp-image-59 size-medium\" src=\"https:\/\/bernardvanbaalen.files.wordpress.com\/2014\/05\/bernard.jpg?w=300\" alt=\"Bernard\" width=\"300\" height=\"241\" srcset=\"https:\/\/bernardvanbaalen.com\/wp-content\/uploads\/2014\/05\/bernard.jpg 1672w, https:\/\/bernardvanbaalen.com\/wp-content\/uploads\/2014\/05\/bernard-300x242.jpg 300w, https:\/\/bernardvanbaalen.com\/wp-content\/uploads\/2014\/05\/bernard-1024x826.jpg 1024w, https:\/\/bernardvanbaalen.com\/wp-content\/uploads\/2014\/05\/bernard-768x619.jpg 768w, https:\/\/bernardvanbaalen.com\/wp-content\/uploads\/2014\/05\/bernard-1536x1238.jpg 1536w\" sizes=\"auto, (max-width: 300px) 100vw, 300px\" \/><p id=\"caption-attachment-59\" class=\"wp-caption-text\">Exposition \u00e0 Ch\u00e2telaine<\/p><\/div>\n<p style=\"margin-bottom:0;line-height:100%;\"><span style=\"color:#000000;\"><span style=\"font-family:Verdana, sans-serif;\"><span style=\"font-size:medium;\">Ayant <\/span><\/span><\/span><span style=\"color:#000000;\"><span style=\"font-family:Verdana, sans-serif;\"><span style=\"font-size:medium;\">trouv\u00e9, <span style=\"color:#000000;\"><span style=\"font-family:Verdana, sans-serif;\"><span style=\"font-size:medium;\">parall\u00e8lement \u00e0 son minist\u00e8re pastoral, <\/span><\/span><\/span>un tr\u00e8s grand plaisir dans le partage des techniques d\u00e9couvertes, il organise des stages de fabrications de marionnettes \u00e0 fils, sculpture et couture pour d\u00e9couvrir la richesse des talents que chacun porte en soi.<\/span><\/span><\/span><\/p>\n<p style=\"margin-bottom:0;line-height:100%;\"><span style=\"color:#000000;\"><span style=\"font-family:Verdana, sans-serif;\"><span style=\"font-size:medium;\"><strong>2001<\/strong> l&rsquo;<span style=\"color:#000000;\"><span style=\"font-family:Verdana, sans-serif;\"><span style=\"font-size:medium;\"><strong>Atelier du Poisson Bouge <\/strong><\/span><\/span><\/span>s\u2019instale \u00e0 Ch\u00e2telaine, avec le soutien actif des amis de son association, il envisage d\u2019ouvrir encore les possibilit\u00e9s<\/span><\/span><\/span><\/p>\n<p style=\"margin-bottom:0;line-height:100%;\"><span style=\"color:#000000;\"><span style=\"font-family:Verdana, sans-serif;\"><span style=\"font-size:medium;\">cr\u00e9atrices avec sa collaboratrice Alice Baehler-Quesnel<\/span><\/span><\/span><span style=\"color:#000000;\"><span style=\"font-family:Verdana, sans-serif;\"><span style=\"font-size:medium;\">, dans la cr\u00e9ation d\u2019\u00e9maux \u00e0 c\u00f4t\u00e9 de la gravure et des marionnettes.<\/span><\/span><\/span><\/p>\n<p style=\"margin-bottom:0;line-height:100%;\"><span style=\"color:#000000;\"><span style=\"font-family:Verdana, sans-serif;\"><span style=\"font-size:medium;\">Autrefois producteur d&rsquo;une \u00e9mission hebdomadaire <a href=\"\/\/\/8525642800573216\/9ADBBD76810B04698525631B0073CBFB\/BAE4B11523B54B1CC125700B002DA520\"><span style=\"color:#000000;\"><span style=\"font-family:Verdana, sans-serif;\"><span style=\"font-size:small;\">\u00ab\u00a0Comment \u00e7a va ?\u00a0\u00bb <\/span><\/span><\/span><\/a>sur Radio-Cit\u00e9, avant sa mutation commerciale.<\/span><\/span><\/span><\/p>\n<p style=\"margin-bottom:0;line-height:100%;\"><span style=\"color:#000000;\"><span style=\"font-family:Verdana, sans-serif;\"><span style=\"font-size:medium;\">il reste un animateur th\u00e9ologique du <\/span><\/span><\/span><span style=\"color:#000000;\"><span style=\"font-family:Verdana, sans-serif;\"><span style=\"font-size:medium;\"><b>Camp Biblique \u0152cum\u00e9nique de Vaumarcus <a href=\"www.cbov.ch\">www.cbov.ch<\/a><br \/>\n<\/b><\/span><\/span><\/span><\/p>\n<p style=\"margin-bottom:0;line-height:100%;\"><span style=\"color:#000000;\"><span style=\"font-family:Verdana, sans-serif;\"><span style=\"font-size:medium;\">et officie occasionnellement comme pasteur honoraire de l\u2019\u00c9glise Protestante de Gen\u00e8ve.<\/span><\/span><\/span><\/p>\n","protected":false},"excerpt":{"rendered":"<p>Bernard van Baalen N\u00e9 en 1943 \u00e0 Gen\u00e8ve. Encourag\u00e9 au coll\u00e8ge de Gen\u00e8ve par Maurice Wenger en 1956 \u00e0 poursuivre ses exp\u00e9riences picturales, Il met en sc\u00e8ne et fait les d\u00e9cors de quelques spectacles scolaires \u00e0 Gen\u00e8ve et Lyon. Apr\u00e8s une formation en dessin d\u2019architecture, il fait une licence en th\u00e9ologie et suit une formation [&hellip;]<\/p>\n","protected":false},"author":1,"featured_media":55,"parent":402,"menu_order":1,"comment_status":"open","ping_status":"open","template":"","meta":{"footnotes":""},"class_list":["post-23","page","type-page","status-publish","has-post-thumbnail","hentry"],"_links":{"self":[{"href":"https:\/\/bernardvanbaalen.com\/index.php?rest_route=\/wp\/v2\/pages\/23","targetHints":{"allow":["GET"]}}],"collection":[{"href":"https:\/\/bernardvanbaalen.com\/index.php?rest_route=\/wp\/v2\/pages"}],"about":[{"href":"https:\/\/bernardvanbaalen.com\/index.php?rest_route=\/wp\/v2\/types\/page"}],"author":[{"embeddable":true,"href":"https:\/\/bernardvanbaalen.com\/index.php?rest_route=\/wp\/v2\/users\/1"}],"replies":[{"embeddable":true,"href":"https:\/\/bernardvanbaalen.com\/index.php?rest_route=%2Fwp%2Fv2%2Fcomments&post=23"}],"version-history":[{"count":0,"href":"https:\/\/bernardvanbaalen.com\/index.php?rest_route=\/wp\/v2\/pages\/23\/revisions"}],"up":[{"embeddable":true,"href":"https:\/\/bernardvanbaalen.com\/index.php?rest_route=\/wp\/v2\/pages\/402"}],"wp:featuredmedia":[{"embeddable":true,"href":"https:\/\/bernardvanbaalen.com\/index.php?rest_route=\/wp\/v2\/media\/55"}],"wp:attachment":[{"href":"https:\/\/bernardvanbaalen.com\/index.php?rest_route=%2Fwp%2Fv2%2Fmedia&parent=23"}],"curies":[{"name":"wp","href":"https:\/\/api.w.org\/{rel}","templated":true}]}}