{"id":2534,"date":"2025-05-29T12:24:14","date_gmt":"2025-05-29T10:24:14","guid":{"rendered":"https:\/\/bernardvanbaalen.com\/?page_id=2534"},"modified":"2025-06-08T15:10:14","modified_gmt":"2025-06-08T13:10:14","slug":"le-monde-peut-aussi-fonctionner-autrement","status":"publish","type":"page","link":"https:\/\/bernardvanbaalen.com\/?page_id=2534","title":{"rendered":"Le monde peut aussi fonctionner autrement !"},"content":{"rendered":"\n<p><\/p>\n\n\n\n<p class=\"has-text-align-center has-vivid-purple-color has-text-color has-link-color wp-elements-3d0b717462b3c50ea3834138a71859bf\" style=\"font-style:normal;font-weight:600\">Les ambigu\u00eft\u00e9s des discours sur le \u00ab\u00a0droit du retour\u00a0\u00bb des juifs en Isra\u00ebl,  et leurs racines en Jud\u00e9e Palestine remontant aux Royaume de David et Salomon, quand ce n&rsquo;est pas \u00e0 la promesse faite \u00e0 Abraham, \u00e0 Mo\u00efse et \u00e0 Josu\u00e9&#8230;<\/p>\n\n\n\n<p class=\"has-vivid-purple-color has-text-color has-link-color wp-elements-c91f8deee3c04b730e14abb8038927ba\"><\/p>\n\n\n\n<p>&#8212;&#8212;&#8212;&#8212;&#8212;&#8212;&#8212;&#8212;&#8212;&#8212;&#8212;&#8212;&#8212;&#8212;&#8212;&#8212;&#8212;&#8212;&#8212;&#8212;&#8212;&#8212;&#8212;&#8212;&#8212;&#8212;&#8212;&#8212;&#8212;<\/p>\n\n\n\n<p>La situation au mois de mai 2025 au Moyen Orient, et dans la bande de Gaza en particulier, donne lieu a une quantit\u00e9 de discours, d\u2019affirmations, et de pr\u00e9tentions religieuses, politiques et g\u00e9ographiques qui oublient l\u2019HISTOIRE de la r\u00e9gion et son peuplement. Les territoires entre le Jourdain-Mer Morte ont \u00e9t\u00e9 travers\u00e9s par les migrations \u00c9gyptiennes, Egg\u00e9ennes <em>(philistins)<\/em>, Assyriennes, Perses, Grecques et Romaines, sans oublier les Arabes et les Crois\u00e9s europ\u00e9ens chr\u00e9tiens, qui se sont associ\u00e9s avec les uns contre les autres et r\u00e9ciproquement.<\/p>\n\n\n\n<p>Les traditions et mythes religieux ont conf\u00e9r\u00e9s \u00e0 cet espace une r\u00e9putation qui maximalise toutes les contradictions spirituelles, politiques, sociales voir ethniques.<\/p>\n\n\n\n<p><strong>Il faut oublier l\u2019id\u00e9e d\u2019une terre sans peuple<\/strong> <strong>destin\u00e9 \u00e0 un peuple sans terre<\/strong>&nbsp;:<br>Les arch\u00e9ologues ont mis en \u00e9vidence qu\u2019il y a toujours eu des r\u00e9sidents plus ou moins permanents, au gr\u00e9 des envahisseurs qui n\u2019ont jamais \u00abd\u00e9port\u00e9\u00bb la totalit\u00e9 des habitants, comme tend \u00e0 le faire le gouvernement Isra\u00e9lien entre 1948 et 2025.<a href=\"#sdfootnote1sym\" id=\"sdfootnote1anc\"><sup>1<\/sup><\/a><\/p>\n\n\n\n<p>Les traditions font de J\u00e9rusalem le noyau dur <em>(mais incertain)<\/em> du juda\u00efsme, du Christianisme et de l\u2019Islam, et par cons\u00e9quent de tous ceux qui se revendiquent h\u00e9ritiers prioritaires de cet espace entre le Jourdain et la Mer.<\/p>\n\n\n\n<p>Si on se r\u00e9f\u00e8re \u00e0 l\u2019Histoire et \u00e0 l\u2019arch\u00e9ologie&nbsp;: Ces territoires ont toujours \u00e9t\u00e9 occup\u00e9s par des populations pratiquantes de langues s\u00e9mitiques. Ce qui ne signifie pas qu\u2019ils aient \u00e9t\u00e9 des Croyants-Pratiquants permanents d\u2019une foi ou d\u2019une autre.<\/p>\n\n\n\n<p>L\u2019histoire des religions nous rappelle qu\u2019ils ont \u00e9t\u00e9 tour a tour adeptes des religions animistes ou chamaniques, puis influenc\u00e9s par les envahisseurs et leurs divinit\u00e9s pr\u00e9f\u00e9r\u00e9es.<\/p>\n\n\n\n<p>Ils ont r\u00e9v\u00e9r\u00e9 le Soleil et la Lune, les animaux tut\u00e9laires. Ils ont adh\u00e9r\u00e9 aux \u00abr\u00e9v\u00e9lations\u00bb des proph\u00e8tes annon\u00e7ant un monde meilleur, pour les ob\u00e9issants \u00e0 la loi du plus fort.<\/p>\n\n\n\n<p>Chacune des spiritualit\u00e9s a laiss\u00e9 des traces pour attester de sa pertinence, en esp\u00e9rant y \u00e9tablir une permanence, avec conviction &#8211; <em>mais <\/em><em>sans garantie d\u2019\u00e9ternit\u00e9<\/em>.<\/p>\n\n\n\n<p>Certaines traditions ont d\u00e9velopp\u00e9 des syst\u00e8mes d\u2019\u00e9critures qui ont permis de codifier les croyances et les mythes fondateurs. Dans le meilleur des cas, cela a permis de r\u00e9diger des lois ou des constitutions, pour g\u00e9rer les relations humaines, sociale commerciales ou politiques. Les \u00abdix Paroles\u00bb prof\u00e9r\u00e9es par le Buisson \u00e0 Mo\u00efse en font partie. Leur attribution a \u00abdieu<a href=\"#sdfootnote2sym\" id=\"sdfootnote2anc\"><sup>2<\/sup><\/a>\u00bb les a rendues l\u00e9gitimes.<\/p>\n\n\n\n<p>La culture \u00abJud\u00e9o-chr\u00e9tienne\u00bb est actuellement compl\u00e9t\u00e9e par la \u00abculture musulmane\u00bb et englobe les syst\u00e8mes de pens\u00e9es qui r\u00e9gissent les relations entre les individus et les soci\u00e9t\u00e9s au 21<sup>e<\/sup> si\u00e8cle. Les archives m\u00e9morielles, les traditions et les id\u00e9ologies du pass\u00e9 sont activ\u00e9es au gr\u00e9 des mouvements sociaux et\/ou religieux qui se font concurrence pour l\u2019acc\u00e8s au pouvoir, \u00e0 la notori\u00e9t\u00e9, \u00e0 l\u2019\u00e9conomie ou aux opportunit\u00e9s g\u00e9opolitiques.<\/p>\n\n\n\n<p><strong>L\u2019absurdit\u00e9 de l\u2019antis\u00e9mitisme atavique,<\/strong> <strong>d\u00e9nonc\u00e9 par les politiciens de tous bords&nbsp;:<\/strong><\/p>\n\n\n\n<p>D\u00e9velopp\u00e9 au 19<sup>e<\/sup> si\u00e8cle avec des th\u00e9ories racistes \u00e9tablissant des hi\u00e9rarchies dans l\u2019esp\u00e8ce \u00abhomo sapiens\u00bb, toutes personnes se reconnaissant ou \u00e9tant soup\u00e7onn\u00e9e d\u2019avoir des ascendances \u00ab<em><strong>religieuses<\/strong><\/em> juives\u00bb \u2013 pratiquants ou pas \u2013 a \u00e9t\u00e9 consid\u00e9r\u00e9e comme appartenant \u00e0 une \u00ab<strong>race Juive<\/strong>\u00bb distincte des autochtones, culturellement per\u00e7us comme homog\u00e8nes dans leurs divers pays ou r\u00e9gions. Les juifs ont \u00e9t\u00e9 consid\u00e9r\u00e9s comme inassimilables dans la mesure o\u00f9 leurs pratiques religieuses les distinguaient du consensus national dans les divers pays o\u00f9 ils sont rep\u00e9r\u00e9s.<\/p>\n\n\n\n<p><strong>Il y a un probl\u00e8me de g\u00e9ographie et d\u2019histoire humaine.<\/strong><\/p>\n\n\n\n<p>Par exemple&nbsp;: S\u2019il y a des \u00abjuifs\u00bb partout en Europe, il n\u2019y sont pas tous arriv\u00e9s en m\u00eame temps&nbsp;:<\/p>\n\n\n\n<p>&#8211; Il y a eu les conqu\u00eates du Moyen Orient qui ont pouss\u00e9 des populations pratiquant le juda\u00efsme du c\u00f4t\u00e9 de l\u2019Egypte<a href=\"#sdfootnote3sym\" id=\"sdfootnote3anc\"><sup>3<\/sup><\/a>, de la Perse et de la M\u00e9sopotamie avant l\u2019\u00e8re Chr\u00e9tienne.<\/p>\n\n\n\n<p>Les pers\u00e9cutions romaines des chr\u00e9tiens et des juifs ont envoy\u00e9 des r\u00e9fugi\u00e9s tout autour de la M\u00e9diterran\u00e9e. Dans l\u2019empire Romain le juda\u00efsme repr\u00e9sentait une alternative aux \u00e9lucubrations religieuses des c\u00e9l\u00e9brations divines et folkloriques qui servaient surtout \u00e0 garantir la coh\u00e9sion de la domination imp\u00e9riale.<\/p>\n\n\n\n<p>Les invasions arabes et les conqu\u00eates de l\u2019Islam jusques au centre de l\u2019Europe et dans la p\u00e9ninsule Ib\u00e9rique va r\u00e9pandre une culture arabe dans laquelle il n\u2019y a pas trace de juda\u00efsme.<\/p>\n\n\n\n<p>Au Moyen Age, la classe dirigeante Khazar, un royaume situ\u00e9 entre la Mer Noire et la Mer Caspienne avec une partie de l\u2019Ukraine, se converti au Juda\u00efsme (vers 860), afin d\u2019assurer son ind\u00e9pendance vis-\u00e0-vis des voisins chr\u00e9tiens et musulmans<a href=\"#sdfootnote4sym\" id=\"sdfootnote4anc\"><sup>4<\/sup><\/a> rejointe, un peu plus tard, par un grand nombre de Khazars pratiquant le chamanisme, qui se convertissent comme leur roi au juda\u00efsme.<\/p>\n\n\n\n<p>Il se trouve que les Kazars sont une population indo-europ\u00e9enne, pratiquant une langue germanique, qui a aval\u00e9 la culture du juda\u00efsme et son \u00e9criture. Ils ont conserv\u00e9 certains aspects de la mystique originelle qui se retrouve dans les traditions Ashkenases du juda\u00efsme, comme le hassidisme.<\/p>\n\n\n\n<p>Les traditions cultuelles du juda\u00efsme impliquent la lecture des textes de la tradition, leur contestation, le d\u00e9veloppement de r\u00e9flexions qui organisent la vie communautaire et sociale. Dans l\u2019espace romain et du Moyen Age, les scribes juifs sont recherch\u00e9s pour leur talent de messager, d\u2019archivistes chroniqueurs et commer\u00e7ants avec des relations dans tous les coins de l\u2019Europe, et plus tard du reste du monde<a href=\"#sdfootnote5sym\" id=\"sdfootnote5anc\"><sup>5<\/sup><\/a>.<\/p>\n\n\n\n<p>A la fin du Moyen-\u00c2ge les traditions juives s\u2019expriment d\u2019une part dans un environnement M\u00e9diterran\u00e9en et \u00absefarade\u00bb. Ils sont proches des populations arabes dont ils partagent la culture, la langue. Leur pr\u00e9sence dans l\u2019Espagne Andalouse et l\u2019Afrique du Nord leur fait d\u00e9velopper le \u00abladino\u00bb une langue avec des r\u00e9f\u00e9rences latines et arabes, avec l\u2019utilisation de l\u2019alphabet h\u00e9bra\u00efque.<\/p>\n\n\n\n<p>Les Juifs d\u2019Espagne chass\u00e9s par Ferdinand et Isabelle la catholique trouveront refuge dans les pays domin\u00e9s par Constantinople, o\u00f9 ils s\u2019int\u00e9greront sous la protection du Sultan qui leur donnera des responsabilit\u00e9s importantes dans la diplomatie et le commerce.<a href=\"#sdfootnote6sym\" id=\"sdfootnote6anc\"><sup>6<\/sup><\/a><\/p>\n\n\n\n<p>L\u2019Europe du Nord et de l\u2019Est d\u2019autre part, regroupe les traditions Ashkenases avec leurs langue, le \u00abyiddish \u00bb, dont beaucoup de descendants se fondent dans la culture et les traditions locales. Ils ne sont en aucun cas \u00abs\u00e9mites\u00bb sauf en cas de mariages \u00abmixtes\u00bb, r\u00e9prouv\u00e9s par les tenants de la puret\u00e9 d\u2019un juda\u00efsme orthodoxe.<\/p>\n\n\n\n<p>Souvent regroup\u00e9s en \u00abghettos\u00bb dans les pays slaves ou de tradition chr\u00e9tienne orthodoxe, ils sont victimes de pogroms et de vexations pour ne pas corrompre la puret\u00e9 des tenants des tribus aussi peu \u00ablocales\u00bb qu\u2019eux m\u00eames<a href=\"#sdfootnote7sym\" id=\"sdfootnote7anc\"><sup>7<\/sup><\/a>.<\/p>\n\n\n\n<p>Ces Juifs originaires de l\u2019Est europ\u00e9ens seront les principales victimes de la shoa.<\/p>\n\n\n\n<p><strong>Pourquoi tout se complique au Moyen Orient&nbsp;?<\/strong><\/p>\n\n\n\n<p>Les r\u00e9sidents de Palestine sont arabes et s\u00e9mites des pieds \u00e0 la t\u00eate. Ceux qui ne sont pas juifs peuvent \u00eatre chr\u00e9tiens de diverses confessions. Ils sont \u00e9galement marginalis\u00e9s par leurs compatriotes musulmans dont ils partagent les quartiers et les campagnes.<\/p>\n\n\n\n<p>Curieusement, en occident, ils sont tous consid\u00e9r\u00e9s comme Arabes d\u2019abord, et subissent l\u2019anti-islamisme qui leur est aussi familier.<\/p>\n\n\n\n<p>Depuis le Moyen-\u00c2ge les juifs faussement accus\u00e9s de \u00abd\u00e9icides\u00bb par l\u2019\u00c9glise ont \u00e9t\u00e9 interdits de certaines professions, de poss\u00e9der des terres, ou de b\u00e9n\u00e9ficier des droits semblables \u00e0 leurs contemporains locaux. La religion chr\u00e9tienne consid\u00e9rant la fortune comme suspecte, laissait les commer\u00e7ants juifs d\u00e9velopper les \u00e9changes internationaux, les banques et le commerce des denr\u00e9es importantes&nbsp;: Bl\u00e9, Bois, etc. Pour se financer, les commer\u00e7ants se sp\u00e9cialisent dans le pr\u00eat sur gage, et ont une r\u00e9putation d\u2019incorruptibles, ce qui \u00e9videmment ne va pas plaire \u00e0 tout le monde.<\/p>\n\n\n\n<p>Quand leurs moyens le permettent, techniquement et financi\u00e8rement, ils investissent dans les imprimeries, et les m\u00e9tiers d\u2019orf\u00e8vrerie, attirant la jalousie des voisins&nbsp;: Une origine des tensions antis\u00e9mites. Confin\u00e9s dans des quartiers s\u00e9par\u00e9s, les ghettos, ils forment des communaut\u00e9s caract\u00e9ristiques, bient\u00f4t oblig\u00e9es a porter des signes distinctifs sur leurs v\u00eatement, voir des chapeaux facilement identifiables.<\/p>\n\n\n\n<p>Le summum de l\u2019intol\u00e9rance a \u00e9t\u00e9 l\u2019av\u00e8nement du 3<sup>e<\/sup> Reich en Allemagne avec ses chambres \u00e0 gaz et les massacres dans les territoires occup\u00e9s par les Nazis. Les victimes ont \u00e9t\u00e9 essentiellement les juifs Ashk\u00e9nases. Les Sefarades \u2013 pour autant qu\u2019ils ne r\u00e9sidaient pas en Europe \u2013 ont \u00e9t\u00e9 prot\u00e9g\u00e9s dans le monde Arabo-Musulman par les traditions et leur proximit\u00e9 culturelle.<\/p>\n\n\n\n<p>Le paradoxe est donc que l\u2019antis\u00e9mitisme a surtout \u00e9t\u00e9 exerc\u00e9 contre des juifs qui ne sont pas \u00abs\u00e9mites\u00bb. Et que c\u2019est une conception absurde et intol\u00e9rable qui \u00e9pargne les \u00abs\u00e9mites\u00bb qui le sont de culture et de tradition.<\/p>\n\n\n\n<p>Dans la m\u00eame optique l\u2019anti islamisme touche indistinctement les arabes et les africains dans un amalgame stupide et d\u00e9vastateur&nbsp;: Rien ne le justifie sur le plan humain, puisque nous que depuis l\u2019extinction des N\u00e9andertaliens, il ne reste que des \u00abhomo-sapiens\u00bb de diverses cultures et traditions, humainement homog\u00e8ne, malgr\u00e9 la couleur de leur peau ou la forme de leurs yeux.<\/p>\n\n\n\n<p><strong>La \u00abPalestine\u00bb Au 21<sup>e<\/sup> si\u00e8cle.<\/strong><\/p>\n\n\n\n<p>Est le lieu de toutes nos contradictions&nbsp;: Les pratiquants du Juda\u00efsme consid\u00e8rent que c\u2019est \u00ableur Lieu\u00bb de refuge, selon la promesse faite \u00e0 Abraham et \u00e0 Mo\u00efse, puisqu\u2019ils en ont \u00e9t\u00e9 chass\u00e9s au cours de l\u2019Histoire&nbsp;: Nous avons vu que ce n\u2019est \u00e9videmment pas le cas pour tous les pratiquants du juda\u00efsme<\/p>\n\n\n\n<p>Les musulmans consid\u00e8rent que c\u2019est le lieu de r\u00e9sidence des arabes depuis toujours&nbsp;: Ce qui est correct si on consid\u00e8re tous les arabes, quelle que soit leur religion, sans oublier que les juifs d\u2019avant Muhammad \u00e9taient aussi s\u00e9mites.<\/p>\n\n\n\n<p>Depuis l\u2019occupation et le Mandat Britannique au d\u00e9but du 20e si\u00e8cle les juifs du monde entier ont \u00e9t\u00e9 encourag\u00e9s par les mouvements sionistes \u00e0 faire leur Alya, donc \u00e0 revenir sur la terre (suppos\u00e9e) de leur anc\u00eatres.<\/p>\n\n\n\n<p>La cr\u00e9ation de l\u2019\u00c9tat d\u2019Isra\u00ebl en 1948 a fig\u00e9 les approches. Traumatis\u00e9s par les massacres de la 2<sup>e<\/sup> guerre mondiale&nbsp;: Les juifs se sont arrog\u00e9s le le droit d\u2019avoir un territoire, m\u00eame si les Russes leur avaient offert le Birobistan aux confins de la Chine.<\/p>\n\n\n\n<p>Petit a petit, l\u2019occupation coloniale du pays par les juifs conduit une forme d\u2019apartheid pour tous ceux qui ne sont pas de religion juive et \u00e0 l\u2019exclusion des arabes du territoire, avec le paroxysme de la Bande de Gaza.<\/p>\n\n\n\n<p>La religion des uns et des autres d\u00e9fini leurs revendications exclusives et justifie les arguments id\u00e9ologiques qui opposent tous ces \u00abs\u00e9mites\u00bb, qui ne manquent pas de se distinguer entre eux, en mesurant leur degr\u00e9 de puret\u00e9 spirituelle et chromosomique.<\/p>\n\n\n\n<p><strong>Anti-s\u00e9mitisme et anti-sionisme et\/ou anti fascisme&nbsp;?<\/strong><\/p>\n\n\n\n<p><em>Mes amis vont certainement me trouver incoh\u00e9rent, surtout mes amis juifs.<\/em><\/p>\n\n\n\n<p>Au printemps 2025, nous sommes constern\u00e9s par ce que le gouvernement d\u2019Isra\u00ebl commet en Cisjordanie et surtout dans la bande de Gaza. Nous ne comprenons pas qu\u2019une nation justifie son occupation de la Palestine par le g\u00e9nocide de la 2<sup>e<\/sup> guerre mondiale.<\/p>\n\n\n\n<p>Les arabes de Jud\u00e9e Palestine n\u2019y sont pour rien, m\u00eame si leurs dirigeants se sont alli\u00e9s \u00e0 l\u2019id\u00e9e de Hitler \u00e0 l\u2019\u00e9poque pour se maintenir au pouvoir.<\/p>\n\n\n\n<p>Le massacre du 7 octobre 2023 est clairement un crime , mais contrairement \u00e0 la propagande, ce n\u2019est pas un acte sans ant\u00e9c\u00e9dent\u2026 Les ant\u00e9c\u00e9dents sont r\u00e9pertori\u00e9s depuis 1948 la <em><strong>Nakba<\/strong> <\/em>jusqu\u2019au 6 octobre. L&rsquo;apartheid, la construction des murs , les morts des femmes et des enfants dans la bande de Gaza, les exactions des colons en Cisjordanie, le blocage des ressources alimentaires qui entra\u00eene une famine insoutenable dans un paysage en totale ruine est inqualifiable\u2026 et quand il est \u00abqualifi\u00e9\u00bb c\u2019est d\u00e9clar\u00e9 comme une critique antis\u00e9mite.<\/p>\n\n\n\n<p>Et tout le monde baisse la t\u00eate&nbsp;: Ce sont des Juifs, on ne peut pas les critiquer, ils ont souffert \u2026 et la Suisse est garante des trait\u00e9s et des conventions internationales qui prot\u00e8gent le droit et la justice, et les civils. La Suisse est neutre, donc elle ne dit rien pour ne pas \u00eatre soup\u00e7onn\u00e9e d\u2019antis\u00e9mitisme.<\/p>\n\n\n\n<p>Rappelez-vous&nbsp;: Quand les Cambodgiens massacraient leur population, les pays qui exprimaient des critiques n\u2019\u00e9taient pas accus\u00e9s d\u2019antis\u00e9mitisme. Quand les Rwandais se massacraient sous l\u2019\u00e9tiquette d\u2019un g\u00e9nocide, les critiquer n\u2019\u00e9tait pas une preuve d\u2019antis\u00e9mitisme. Le massacre des Arm\u00e9niens par les turcs conduit toujours \u00e0 une accusation de g\u00e9nocide, mais pas d\u2019antis\u00e9mitisme. Le massacre des Ukrainiens par le pouvoir Russe dans les ann\u00e9es 30 a \u00e9t\u00e9 condamn\u00e9, mais ce n\u2019\u00e9tait pas de l\u2019antis\u00e9mitisme. <\/p>\n\n\n\n<p>Mais quand on critique les bombardements et les man\u0153uvres des chars isra\u00e9liens, c\u2019est de l\u2019antis\u00e9mitisme. Netanyaou est un dictateur et le dire ne ressort pas de l\u2019antis\u00e9mitisme. Critiquer le gouvernement d\u2019Isra\u00ebl c\u2019est simplement dire que son attitude est intol\u00e9rable. Oui, les Isra\u00e9liens ont le droit de vivre en paix, les arabes de Palestine ont le droit de vivre en paix, il n\u2019y a pas d\u2019ambigu\u00eft\u00e9. Dire le contraire est alors de l\u2019antis\u00e9mitisme, puisqu\u2019ils sont tous des \u00abs\u00e9mites\u00bb&#8230;<\/p>\n\n\n\n<p>Les juifs qui s\u2019expriment en faveur de la paix <strong>\u00abPas en mon nom\/Not in my name\u00bb<\/strong> ne sont pas antis\u00e9mites&nbsp;: Il sont simplement coh\u00e9rent avec leur foi, ou leur tradition religieuse, que les politiciens isra\u00e9liens ignorent lamentablement&nbsp;: Ont-ils seulement lu la Torah&nbsp;?<\/p>\n\n\n\n<p>Un ministre du gouvernement de Netanyaou a dit qu\u2019il fallait tuer tous les enfants arabes, car ce seront de futurs adeptes du Hamas. Il n\u2019a sans doute pas tort, si on laisse les enfants vivre apr\u00e8s ce qu\u2019ils auront constat\u00e9 au milieu des ruines\u2026<\/p>\n\n\n\n<p>Mais on peut esp\u00e9rer autre chose, car la guerre ne sert \u00e0 rien sinon a tuer des gens qui ne se connaissent pas pour des gens qui se connaissent tr\u00e8s bien, mais sont prot\u00e9g\u00e9s par leur pouvoir.<\/p>\n\n\n\n<p>Critiquer Isra\u00ebl et ce qui se passe actuellement au printemps 2025 n\u2019est pas de l\u2019antis\u00e9mitisme, c\u2019est juste l\u2019expression de notre d\u00e9go\u00fbt pour des gens qui font aux autres ce qu\u2019ils pr\u00e9tende qu\u2019on a fait \u00e0 leurs anc\u00eatres europ\u00e9ens&nbsp;: cherchez l\u2019erreur&nbsp;!<\/p>\n\n\n\n<p class=\"has-small-font-size\"><em>Notice \u00e0 propos des Kazars, tir\u00e9e d\u2019Internet.<\/em><\/p>\n\n\n\n<p>l\u2019histoire du royaume des Khazars. Ce royaume puissant qui r\u00e9gna, \u00e0 son apog\u00e9e, sur un immense territoire situ\u00e9 entre le Caucase et la Volga et entre la Mer noire et la Mer Caspienne, \u00e9tait surtout connu pour avoir prot\u00e9g\u00e9 Byzance, \u00e0 l\u2019ouest, contre l\u2019envahisseur arabe triomphant. Pratiquant le chamanisme, la classe dirigeante Khazar se converti au Juda\u00efsme (vers 860), afin d\u2019assurer son ind\u00e9pendance vis-\u00e0-vis des voisins chr\u00e9tiens et musulmans (Byzance et le Califat arabe) rejointe, un peu plus tard, par un grand nombre de Khazars qui \u00e9pouse la religion mosa\u00efque.<\/p>\n\n\n\n<p>Le royaume Khazar fut d\u00e9truit au IXe si\u00e8cle par les Russes, qui conquirent sa capitale, Atil, en 965.&nbsp;<\/p>\n\n\n\n<ul class=\"wp-block-list\">\n<li>L&rsquo;h\u00e9ritage des Khazars est complexe et a \u00e9t\u00e9 sujet \u00e0 plusieurs interpr\u00e9tations, notamment en lien avec les origines des juifs ashk\u00e9nazes.&nbsp;<\/li>\n\n\n\n<li>La th\u00e9orie des Khazars, qui propose que les juifs ashk\u00e9nazes seraient des descendants des Khazars, est largement contest\u00e9e par la communaut\u00e9 scientifique juive, car elle est souvent utilis\u00e9e dans des discours antis\u00e9mites.&nbsp;<\/li>\n<\/ul>\n\n\n\n<p><em>M\u00eame si les Kazars ne sont pas \u00abs\u00e9mites\u00bb \u2026<\/em><\/p>\n\n\n\n<p><em>Qu\u2019en est-il des \u00abpremi\u00e8res Nations\u00bb Am\u00e9ricaines&nbsp;?<\/em> <em>Critiquer les envahisseurs depuis Colomb est-ce \u00abantis\u00e9mite\u00bb&nbsp;?<\/em><\/p>\n\n\n\n<p class=\"has-text-align-center\"><em>Bernard van Baalen 28 mai 2025<\/em><\/p>\n\n\n\n<p>&#8212;&#8212;&#8212;&#8212;&#8212;&#8212;&#8212;&#8212;&#8212;&#8212;&#8212;&#8212;&#8212;&#8212;&#8212;&#8212;&#8212;&#8212;&#8212;&#8212;&#8212;&#8212;&#8212;&#8212;&#8212;&#8212;&#8212;&#8212;&#8212;&#8212;&#8212;&#8212;&#8212;&#8212;&#8212;&#8212;-<\/p>\n\n\n\n<p><a href=\"#sdfootnote1anc\" id=\"sdfootnote1sym\">1<\/a> Voir les publications de Thomas R\u00f6mer, Finkielkraut, Schlomo Sand et les d\u00e9couvertes arch\u00e9ologiques.r\u00e9centes<\/p>\n\n\n\n<p><a href=\"#sdfootnote2anc\" id=\"sdfootnote2sym\">2<\/a> Le terme de \u00abdieu\u00bb est indicatif et ne d\u00e9signe aucune divinit\u00e9 en particulier. C\u2019est la transcription phon\u00e9tique de Zeus la divinit\u00e9 de l\u2019Olympe, qui a \u00e9galement d\u00e9guis\u00e9 la divinit\u00e9 jud\u00e9o-chr\u00e9tienne que nous connaissons.<\/p>\n\n\n\n<p><a href=\"#sdfootnote3anc\" id=\"sdfootnote3sym\">3<\/a> Alexandrie et sa biblioth\u00e8que, l\u2019Ile d\u2019Elephantine, etc<\/p>\n\n\n\n<p><a href=\"#sdfootnote4anc\" id=\"sdfootnote4sym\">4<\/a> Byzance et le Califat arabe.<\/p>\n\n\n\n<p><a href=\"#sdfootnote5anc\" id=\"sdfootnote5sym\">5<\/a> Cf <strong>Le testament d\u2019Abraham<\/strong> de Marek Halter.<\/p>\n\n\n\n<p><a href=\"#sdfootnote6anc\" id=\"sdfootnote6sym\">6<\/a> En Bulgarie en Gr\u00e8ce et en Turquie, les juifs parlent le Ladino, Avant 1943 Thessalonique est la plus grande ville juive de la m\u00e9diterran\u00e9e.<\/p>\n\n\n\n<p><a href=\"#sdfootnote7anc\" id=\"sdfootnote7sym\">7<\/a> Les Magyars hongrois sont aussi des populations migrantes venues de l\u2019est&#8230;<\/p>\n","protected":false},"excerpt":{"rendered":"<p>Les ambigu\u00eft\u00e9s des discours sur le \u00ab\u00a0droit du retour\u00a0\u00bb des juifs en Isra\u00ebl, et leurs racines en Jud\u00e9e Palestine remontant aux Royaume de David et Salomon, quand ce n&rsquo;est pas \u00e0 la promesse faite \u00e0 Abraham, \u00e0 Mo\u00efse et \u00e0 Josu\u00e9&#8230; &#8212;&#8212;&#8212;&#8212;&#8212;&#8212;&#8212;&#8212;&#8212;&#8212;&#8212;&#8212;&#8212;&#8212;&#8212;&#8212;&#8212;&#8212;&#8212;&#8212;&#8212;&#8212;&#8212;&#8212;&#8212;&#8212;&#8212;&#8212;&#8212; La situation au mois de mai 2025 au Moyen Orient, et dans la [&hellip;]<\/p>\n","protected":false},"author":1,"featured_media":0,"parent":0,"menu_order":0,"comment_status":"closed","ping_status":"closed","template":"","meta":{"footnotes":""},"class_list":["post-2534","page","type-page","status-publish","hentry"],"_links":{"self":[{"href":"https:\/\/bernardvanbaalen.com\/index.php?rest_route=\/wp\/v2\/pages\/2534","targetHints":{"allow":["GET"]}}],"collection":[{"href":"https:\/\/bernardvanbaalen.com\/index.php?rest_route=\/wp\/v2\/pages"}],"about":[{"href":"https:\/\/bernardvanbaalen.com\/index.php?rest_route=\/wp\/v2\/types\/page"}],"author":[{"embeddable":true,"href":"https:\/\/bernardvanbaalen.com\/index.php?rest_route=\/wp\/v2\/users\/1"}],"replies":[{"embeddable":true,"href":"https:\/\/bernardvanbaalen.com\/index.php?rest_route=%2Fwp%2Fv2%2Fcomments&post=2534"}],"version-history":[{"count":4,"href":"https:\/\/bernardvanbaalen.com\/index.php?rest_route=\/wp\/v2\/pages\/2534\/revisions"}],"predecessor-version":[{"id":2540,"href":"https:\/\/bernardvanbaalen.com\/index.php?rest_route=\/wp\/v2\/pages\/2534\/revisions\/2540"}],"wp:attachment":[{"href":"https:\/\/bernardvanbaalen.com\/index.php?rest_route=%2Fwp%2Fv2%2Fmedia&parent=2534"}],"curies":[{"name":"wp","href":"https:\/\/api.w.org\/{rel}","templated":true}]}}