{"id":33,"date":"2014-05-05T19:47:58","date_gmt":"2014-05-05T18:47:58","guid":{"rendered":"http:\/\/bernardvanbaalen.wordpress.com\/?page_id=33"},"modified":"2014-05-05T19:47:58","modified_gmt":"2014-05-05T18:47:58","slug":"je-suis-qui-2014","status":"publish","type":"page","link":"https:\/\/bernardvanbaalen.com\/?page_id=33","title":{"rendered":"J\u00e9sus veut-il nous faire adopter un \u00ab Dieu P\u00e8re \u00bb ?"},"content":{"rendered":"<p style=\"margin-bottom:0;\"><span style=\"font-size:large;\"><a href=\"http:\/\/bernardvanbaalen.files.wordpress.com\/2014\/05\/p1010882-e1400524318762.jpg\"><img loading=\"lazy\" decoding=\"async\" class=\"alignnone size-medium wp-image-77\" src=\"http:\/\/bernardvanbaalen.files.wordpress.com\/2014\/05\/p1010882-e1400524318762.jpg?w=300\" alt=\"P1010882\" width=\"300\" height=\"69\" \/><\/a>DIEU PERE\u00a0 mais aussi toutes les citations o\u00f9 il est identifi\u00e9 comme roi bienveillant, p\u00e8re de famille recevant un fils perdu, berger, vigneron, ou encore Aigle qui porte ses petits, voir les couve sous son aile.Juge impitoyable ou magnanime m\u00eame avec les plus coupables.<\/span><\/p>\n<p style=\"margin-bottom:0;\"><span style=\"font-size:large;\">Thomas R\u00f6mer vient de publier un livre sur l&rsquo;origine de Yhwh * qui en retrace les repr\u00e9sentations et les alliances ethniques. J&rsquo;avais soulign\u00e9 qu&rsquo;il est difficile anthropologiquement de sortir du sch\u00e9ma traditionnel qui mat\u00e9rialise le divin sous formes diverses d&rsquo;idole ou de symbole\u00a0: rocher, site, montagne, mais aussi tables de la loi, Arche de l\u2019alliance, veau d&rsquo;or etc.<\/span><\/p>\n<p style=\"margin-bottom:0;\"><span style=\"font-size:large;\">J&rsquo;ai signal\u00e9 dans mon texte sur l&rsquo;origine de la \u00ab\u00a0voix du Buisson\u00a0\u00bb que l&rsquo;id\u00e9e fondamentale \u00e9tait de sortir de la conception mat\u00e9rielle de la divinit\u00e9 pour une r\u00e9f\u00e9rence moins \u00ab\u00a0encombrante\u00a0\u00bb et utilisable sans limite de temps et d&rsquo;espace.<\/span><\/p>\n<p style=\"margin-bottom:0;\"><span style=\"font-size:large;\">Comme c&rsquo;est <\/span><span style=\"font-size:large;\"><b>une voix<\/b><\/span><span style=\"font-size:large;\"> qui parle du <\/span><span style=\"font-size:large;\"><b>\u00ab\u00a0buisson\u00a0\u00bb<\/b><\/span><span style=\"font-size:large;\"> et que nous l&rsquo;avons assimil\u00e9 \u00e0 celle de la divinit\u00e9 quelle qu&rsquo;elle soit, nous faisons vite le rapport avec un locuteur qui a des cordes vocales <\/span><span style=\"font-size:large;\"><i>(enfin quelque chose du genre)<\/i><\/span><span style=\"font-size:large;\"> dont nous arrivons tr\u00e8s vite \u00e0 une repr\u00e9sentation anthropomorphique: Dieu est une \u00ab\u00a0personne\u00a0\u00bb dou\u00e9e de sentiments et capable de jugements \u00ab\u00a0\u00e0 mains forte et \u00e0 bras \u00e9tendus\u00a0\u00bb.<\/span><\/p>\n<p style=\"margin-bottom:0;\"><span style=\"font-size:large;\">De l\u00e0 \u00e0 envisager un vieillard barbu (le symbole de l&rsquo;immortalit\u00e9 dans l&rsquo;\u00e9ternit\u00e9 qui dure tr\u00e8s longtemps) il n&rsquo;y m\u00eame pas un pas que des milliers d&rsquo;artistes ont fait sans vergogne. <\/span><\/p>\n<p style=\"margin-bottom:0;\"><span style=\"font-size:large;\">Ceux qui me connaissent depuis longtemps ont entendu aussi cette anecdote que j&rsquo;ai racont\u00e9e en revenant d&rsquo;un voyage en Isra\u00ebl avec les membres de la pastorale Suisse en formation continue:<br \/>\nUn pasteur un peu fondamentaliste &#8211; un euph\u00e9misme &#8211; et cependant titulaire de la Chaire de la Cath\u00e9drale de Lausanne demandait \u00e0 un rabbin quelle \u00e9tait sa th\u00e9ologie ? <\/span><\/p>\n<p style=\"margin-bottom:0;\"><span style=\"font-size:large;\">Le rabbin \u00e0 la limite furieux r\u00e9pondit \u00ab\u00a0Il n&rsquo;y a pas de th\u00e9ologie, il n&rsquo;y a pas de discours pertinent sur Dieu, car Dieu n&rsquo;est pas r\u00e9ductible \u00e0 nos mots, concepts, images ou principes&#8230; Il y a des discours d&rsquo;humains sur leur rapport \u00e0 Dieu, leurs id\u00e9es par rapport \u00e0 la divinit\u00e9, leur aventure en sa compagnie, comme la Bible l&rsquo;atteste&#8230; <\/span><\/p>\n<p style=\"margin-bottom:0;\"><span style=\"font-size:large;\">Ce qui nous int\u00e9resse ici est ce que les croyants ont r\u00e9ussi \u00e0 accomplir en accueillant un message qui est universel, quel qu&rsquo;en soit la r\u00e9f\u00e9rence tut\u00e9laire. J\u00e9sus de Nazareth l&rsquo;a sans doute le mieux exprim\u00e9 dans ce que nous en rapportent les Evangiles.<\/span><\/p>\n<p style=\"margin-bottom:0;\"><span style=\"font-size:large;\">Donc je reviens \u00e0 la question initiale sugg\u00e9r\u00e9e par la lecture de l&rsquo;Evangile de Jean, et sa mani\u00e8re de citer les \u00ab\u00a0JESUIS\u00a0\u00bb de J\u00e9sus: \u00ab\u00a0Celui qui m&rsquo;a vu a vu le P\u00e8re\u00a0\u00bb exprime le rapport \u00e0 Dieu comme un p\u00e8re, ne dit rien de Dieu, mais tout des sentiments qu&rsquo;\u00e9prouvent ses \u00ab\u00a0enfants\u00a0\u00bb. <\/span><\/p>\n<p style=\"margin-bottom:0;\"><span style=\"font-size:large;\">Dieu Juge ne dit rien de dieu, mais tout de celui qui se per\u00e7oit comme comparaissant devant celui qui l&rsquo;invite \u00e0 reformuler sa vie.<\/span><\/p>\n<p style=\"margin-bottom:0;\"><span style=\"font-size:large;\">Le Dieu Berger, exprime le sentiment ou la situation des brebis (99 ou celle qui est perdue).<\/span><\/p>\n<p style=\"margin-bottom:0;\"><span style=\"font-size:large;\">De m\u00eame Dieu-Cep dit quelque chose des sarments, mais ne qualifie pas dieu..<\/span><\/p>\n<p style=\"margin-bottom:0;\"><span style=\"font-size:large;\">\u00ab\u00a0Celui qui M&rsquo;a vu a vu le P\u00e8re\u00a0\u00bb dit J\u00e9sus, cela concerne celui qui voit &#8230; pas le p\u00e8re &#8230; et donne une indication sur le comportement qu&rsquo;il convient d&rsquo;avoir en consid\u00e9rant ce qui \u00ab\u00a0vient du P\u00e8re\u00a0\u00bb etc&#8230;<\/span><\/p>\n<p style=\"margin-bottom:0;\"><span style=\"font-size:large;\">Il en va de m\u00eame certainement avec la \u00ab\u00a0personne de J\u00e9sus\u00a0\u00bb qui est souvent identifi\u00e9 comme tout autre, ailleurs et diff\u00e9rent, alors qu&rsquo;il nous rappelle que celui qui visite le prisonnier donne du pain \u00e0 celui qui a faim le fait \u00e0 J\u00e9sus lui m\u00eame&#8230;<\/span><\/p>\n<p style=\"margin-bottom:0;\"><span style=\"font-size:large;\">L\u2019essentiel est dans l&rsquo;acte, pas dans l&rsquo;identification.<\/span><\/p>\n<p style=\"margin-bottom:0;\"><span style=\"font-size:large;\">J\u00e9sus \/le chemin , J\u00e9sus\/la porte, J\u00e9sus\/la v\u00e9rit\u00e9, J\u00e9sus\/la r\u00e9surrection provoque une r\u00e9action personnelle de celui\/celle qui est confront\u00e9\/e \u00e0 ces \u00ab\u00a0Images\u00a0\u00bb<\/span><\/p>\n<p style=\"margin-bottom:0;\"><span style=\"font-size:large;\">Cela dit quelque chose de nous et c&rsquo;est vraiment stimulant. C&rsquo;est le sens que l&rsquo;\u00e9vang\u00e9liste met en \u00e9vidence dans ces r\u00e9f\u00e9rences qui est motivant\u00a0:<\/span><\/p>\n<p style=\"margin-bottom:0;\"><span style=\"font-size:large;\">Je suis <\/span><span style=\"font-size:large;\"><i>(verbe suivre)<\/i><\/span><span style=\"font-size:large;\"> le chemin, je franchi la porte, je t\u00e9moigne de la v\u00e9rit\u00e9, je survit \u00e0 ma \u00ab\u00a0mort\u00a0\u00bb en r\u00e9f\u00e9rence \u00e0 ce qui m&rsquo;a \u00e9t\u00e9 transmis par la tradition biblique.<\/span><\/p>\n<p style=\"margin-bottom:0;border-top:none;border-bottom:1px solid #000000;border-left:none;border-right:none;padding:0 0 .07cm;\"><span style=\"font-size:large;\">Il y a encore \u00e0 creuser pour dire quelque choses de pertinent&#8230; Dieu y retrouvera les siens , mais IL est impronon\u00e7able&#8230;\u00a0<\/span><\/p>\n<p style=\"margin-bottom:0;border-top:none;border-bottom:1px solid #000000;border-left:none;border-right:none;padding:0 0 .07cm;\"><a href=\"http:\/\/bernardvanbaalen.files.wordpress.com\/2014\/05\/notre-pc3a8re-2004.jpg\"><img loading=\"lazy\" decoding=\"async\" class=\"size-medium wp-image-75\" src=\"http:\/\/bernardvanbaalen.files.wordpress.com\/2014\/05\/notre-pc3a8re-2004.jpg?w=212\" alt=\"Parti sans laisser d'adresse\" width=\"212\" height=\"300\" \/><\/a><\/p>\n<p style=\"margin-bottom:0;\"><span style=\"font-size:large;\">* Thomas R\u00f6mer<\/span><\/p>\n<p style=\"margin-bottom:0;\"><span style=\"font-size:large;\"><b>L&rsquo;invention de Dieu<\/b><\/span><span style=\"font-size:large;\">, Seuil, 2014 352p.<\/span><\/p>\n<p style=\"margin-bottom:0;\"><span style=\"font-size:large;\">Article dans \u00ab\u00a0LE TEMPS\u00a0\u00bb samedi 29 mars 2014. p.42-43.<\/span><\/p>\n","protected":false},"excerpt":{"rendered":"<p>DIEU PERE\u00a0 mais aussi toutes les citations o\u00f9 il est identifi\u00e9 comme roi bienveillant, p\u00e8re de famille recevant un fils perdu, berger, vigneron, ou encore Aigle qui porte ses petits, voir les couve sous son aile.Juge impitoyable ou magnanime m\u00eame avec les plus coupables. Thomas R\u00f6mer vient de publier un livre sur l&rsquo;origine de Yhwh [&hellip;]<\/p>\n","protected":false},"author":1,"featured_media":77,"parent":30,"menu_order":0,"comment_status":"open","ping_status":"open","template":"","meta":{"footnotes":""},"class_list":["post-33","page","type-page","status-publish","has-post-thumbnail","hentry"],"_links":{"self":[{"href":"https:\/\/bernardvanbaalen.com\/index.php?rest_route=\/wp\/v2\/pages\/33","targetHints":{"allow":["GET"]}}],"collection":[{"href":"https:\/\/bernardvanbaalen.com\/index.php?rest_route=\/wp\/v2\/pages"}],"about":[{"href":"https:\/\/bernardvanbaalen.com\/index.php?rest_route=\/wp\/v2\/types\/page"}],"author":[{"embeddable":true,"href":"https:\/\/bernardvanbaalen.com\/index.php?rest_route=\/wp\/v2\/users\/1"}],"replies":[{"embeddable":true,"href":"https:\/\/bernardvanbaalen.com\/index.php?rest_route=%2Fwp%2Fv2%2Fcomments&post=33"}],"version-history":[{"count":0,"href":"https:\/\/bernardvanbaalen.com\/index.php?rest_route=\/wp\/v2\/pages\/33\/revisions"}],"up":[{"embeddable":true,"href":"https:\/\/bernardvanbaalen.com\/index.php?rest_route=\/wp\/v2\/pages\/30"}],"wp:featuredmedia":[{"embeddable":true,"href":"https:\/\/bernardvanbaalen.com\/index.php?rest_route=\/"}],"wp:attachment":[{"href":"https:\/\/bernardvanbaalen.com\/index.php?rest_route=%2Fwp%2Fv2%2Fmedia&parent=33"}],"curies":[{"name":"wp","href":"https:\/\/api.w.org\/{rel}","templated":true}]}}