{"id":402,"date":"2014-09-21T14:13:03","date_gmt":"2014-09-21T13:13:03","guid":{"rendered":"http:\/\/bernardvanbaalen.com\/?page_id=402"},"modified":"2014-09-21T14:13:03","modified_gmt":"2014-09-21T13:13:03","slug":"des-dates-un-parcours-des-rencontres-1","status":"publish","type":"page","link":"https:\/\/bernardvanbaalen.com\/?page_id=402","title":{"rendered":"Des dates, Un parcours, des rencontres"},"content":{"rendered":"<p>Une vie ne se r\u00e9sume pas \u00e0 des dates: J&rsquo;ai appris que l&rsquo;HISTOIRE est faite d&rsquo;histoires, de rencontres humaines, de mouvements sociaux, de choc des cultures, de convictions et de projets de vie.<\/p>\n<p>Ce n&rsquo;est jamais un long fleuve tranquille,\u00a0 Il y a des \u00e9v\u00e9nements heureux, d&rsquo;autres tragiques, il y a les comiques, et ceux qui sont stupides \u00e0 pleurer.<\/p>\n<p>Il y a les amis, la famille qui se d\u00e9veloppe, ceux qu&rsquo;on garde proches de son coeur et ceux qui finissent par dispara\u00eetre de notre horizon, faute de temps, faute d&rsquo;occasion de se retrouver,faute \u00e0 personne, juste \u00ab\u00a0c&rsquo;est comme \u00e7a !\u00a0\u00bb<\/p>\n<p>Et puis il y a ceux qu&rsquo;on retrouve comme si on ne s&rsquo;\u00e9tait jamais quitt\u00e9s, avec qui la conversation simplement se poursuit.\u00a0 Il y a ceux et celles que nous avons aim\u00e9s et qui sont rest\u00e9(e)s fid\u00e8les et discrets juste pour ne pas interf\u00e9rer avec leur propre parcours de vie et qui partagent \u00e0 nouveau une vision du monde que nous avons construite sur des exp\u00e9riences diff\u00e9rentes.<\/p>\n<p>C&rsquo;est cela \u00ab\u00a0la vie\u00a0\u00bb et il ne nous en sera pas donn\u00e9e d&rsquo;autre, heureusement ?<\/p>\n<p>&nbsp;<\/p>\n","protected":false},"excerpt":{"rendered":"<p>Une vie ne se r\u00e9sume pas \u00e0 des dates: J&rsquo;ai appris que l&rsquo;HISTOIRE est faite d&rsquo;histoires, de rencontres humaines, de mouvements sociaux, de choc des cultures, de convictions et de projets de vie. Ce n&rsquo;est jamais un long fleuve tranquille,\u00a0 Il y a des \u00e9v\u00e9nements heureux, d&rsquo;autres tragiques, il y a les comiques, et ceux [&hellip;]<\/p>\n","protected":false},"author":1,"featured_media":199,"parent":0,"menu_order":0,"comment_status":"open","ping_status":"open","template":"","meta":{"footnotes":""},"class_list":["post-402","page","type-page","status-publish","has-post-thumbnail","hentry"],"_links":{"self":[{"href":"https:\/\/bernardvanbaalen.com\/index.php?rest_route=\/wp\/v2\/pages\/402","targetHints":{"allow":["GET"]}}],"collection":[{"href":"https:\/\/bernardvanbaalen.com\/index.php?rest_route=\/wp\/v2\/pages"}],"about":[{"href":"https:\/\/bernardvanbaalen.com\/index.php?rest_route=\/wp\/v2\/types\/page"}],"author":[{"embeddable":true,"href":"https:\/\/bernardvanbaalen.com\/index.php?rest_route=\/wp\/v2\/users\/1"}],"replies":[{"embeddable":true,"href":"https:\/\/bernardvanbaalen.com\/index.php?rest_route=%2Fwp%2Fv2%2Fcomments&post=402"}],"version-history":[{"count":0,"href":"https:\/\/bernardvanbaalen.com\/index.php?rest_route=\/wp\/v2\/pages\/402\/revisions"}],"wp:featuredmedia":[{"embeddable":true,"href":"https:\/\/bernardvanbaalen.com\/index.php?rest_route=\/wp\/v2\/media\/199"}],"wp:attachment":[{"href":"https:\/\/bernardvanbaalen.com\/index.php?rest_route=%2Fwp%2Fv2%2Fmedia&parent=402"}],"curies":[{"name":"wp","href":"https:\/\/api.w.org\/{rel}","templated":true}]}}