{"id":62,"date":"2014-05-06T14:19:41","date_gmt":"2014-05-06T13:19:41","guid":{"rendered":"http:\/\/bernardvanbaalen.wordpress.com\/?page_id=62"},"modified":"2014-05-06T14:19:41","modified_gmt":"2014-05-06T13:19:41","slug":"qohelet-et-lenseignement-de-jesus","status":"publish","type":"page","link":"https:\/\/bernardvanbaalen.com\/?page_id=62","title":{"rendered":"Qoh\u00e9let et l&rsquo;enseignement de J\u00e9sus."},"content":{"rendered":"<p style=\"margin-bottom:0;\"><span style=\"font-size:large;\">A premi\u00e8re vue, J\u00e9sus ne cite jamais l&rsquo;Eccl\u00e9siaste, pourtant il en exprime l&rsquo;essentiel dans ses propos, par exemple dans le Sermon sur la Montagne\u00a0: Il nous encourage \u00e0 ne pas se prendre les pieds dans le tapis de la vengeance et de la jalousie, de la loi qui reste relative \u00e0 une conception momentan\u00e9e de ce qui est \u00ab\u00a0convenable\u00a0\u00bb. <\/span><\/p>\n<p style=\"margin-bottom:0;\"><span style=\"font-size:large;\">La \u00ab\u00a0sagesse\u00a0\u00bb veut qu&rsquo;il est plus utile d&rsquo;aimer son ennemi que de le ha\u00efr, de faire \u00e0 son prochain ce que nous souhaiterions qu&rsquo;il nous fasse, de se contenter de ce que nous avons \u00e0 disposition plut\u00f4t que d&rsquo;amasser des richesses qui ne servent \u00e0 rien apr\u00e8s l&rsquo;enterrement.<\/span><\/p>\n<p style=\"margin-bottom:0;\"><span style=\"font-size:large;\">Nous avons toujours la tentation de voir J\u00e9sus avec un regard \u00ab\u00a0bizounours\u00a0\u00bb<i> <\/i><span style=\"font-style:normal;\">en expliquant son comportement par la \u00ab\u00a0charit\u00e9\u00a0\u00bb et \u00ab\u00a0l&rsquo;amour du prochain\u00a0\u00bb. En prenant le point de vue de l&rsquo;Eccl\u00e9siaste, et des philosophes qui lui sont proches, nous pouvons aussi consid\u00e9rer que J\u00e9sus prend simplement le monde et ses habitants tels qu&rsquo;ils sont &#8230; et risquent de le rester.<\/span><\/span><\/p>\n<p style=\"margin-bottom:0;font-style:normal;\"><span style=\"font-size:large;\">Exemple, la femme condamn\u00e9e \u00e0 la lapidation (Jean 8:3-12).<\/span><\/p>\n<p style=\"margin-bottom:0;\"><span style=\"font-size:large;\"><span style=\"font-style:normal;\">C&rsquo;est un fait, J\u00e9sus ne le conteste pas. Cela se passe avec cette femme, mais cela s&rsquo;est aussi pass\u00e9 avec d&rsquo;autres femmes, et cela se passera de nouveau. Rien de nouveau parce que les hommes sont comme \u00e7a\u00a0! Cette femme l\u00e0 est comme toutes les autres (<\/span><i>qui n&rsquo;ont pas \u00e9t\u00e9 prises, elles<\/i><span style=\"font-style:normal;\">) La lapider ne changera rien au monde ni pour la soci\u00e9t\u00e9. Par contre cela affectera son entourage, ses enfants, ses parents, ceux \u00e0 qui elle rend service &#8230; Si elle \u00ab\u00a0va et ne p\u00eache plus\u00a0\u00bb ce sera toujours \u00e7a de gagn\u00e9&#8230; et puis si elle retombe &#8230; il n&rsquo;y aura rien de nouveau sous le soleil\u00a0!<\/span><\/span><\/p>\n<p style=\"margin-bottom:0;font-style:normal;\"><span style=\"font-size:large;\">Le Sabbat est fait pour l&rsquo;homme et non pas l&rsquo;homme pour le Sabbat&#8230;<\/span><\/p>\n<p style=\"margin-bottom:0;font-style:normal;\"><span style=\"font-size:large;\">Et alors\u00a0? le centurion a un fils malade&#8230; comme n&rsquo;importe quel p\u00e8re, il en souffre\u00a0: L\u00e0 encore si on peut le soulager cela fera un \u00ab\u00a0vivant de plus\u00a0\u00bb.<\/span><\/p>\n<p style=\"margin-bottom:0;font-style:normal;\"><span style=\"font-size:large;\">Les riches ne passent pas par le trou d&rsquo;une aiguille&#8230; \u00ab\u00a0S\u00e9pulcres blanchis, vous les scribes et les pharisiens\u00a0\u00bb qui voudraient que le monde soit autrement et r\u00e9ponde \u00e0 une \u00ab\u00a0loi divine\u00a0\u00bb qui n&rsquo;a rien \u00e0 voir avec l&rsquo;\u0153uvre du \u00ab\u00a0cr\u00e9ateur\u00a0\u00bb\u00a0: Ouvrez les yeux\u00a0: Cela s&rsquo;appelle aujourd&rsquo;hui \u00ab\u00a0l&rsquo;Entropie\u00a0\u00bb = la tendance de ce qui ne va pas bien \u00e0 aller plus mal\u00a0! (Oxydation, \u00e9rosion, vieillissement, disque dur plant\u00e9, pneus crev\u00e9s )&#8230; La sagesse est un bon recours pour limiter les d\u00e9g\u00e2ts, \u00ab\u00a0Parce que vous le valez bien\u00a0!\u00a0\u00bb<\/span><\/p>\n","protected":false},"excerpt":{"rendered":"<p>A premi\u00e8re vue, J\u00e9sus ne cite jamais l&rsquo;Eccl\u00e9siaste, pourtant il en exprime l&rsquo;essentiel dans ses propos, par exemple dans le Sermon sur la Montagne\u00a0: Il nous encourage \u00e0 ne pas se prendre les pieds dans le tapis de la vengeance et de la jalousie, de la loi qui reste relative \u00e0 une conception momentan\u00e9e de [&hellip;]<\/p>\n","protected":false},"author":1,"featured_media":0,"parent":30,"menu_order":0,"comment_status":"open","ping_status":"open","template":"","meta":{"footnotes":""},"class_list":["post-62","page","type-page","status-publish","hentry"],"_links":{"self":[{"href":"https:\/\/bernardvanbaalen.com\/index.php?rest_route=\/wp\/v2\/pages\/62","targetHints":{"allow":["GET"]}}],"collection":[{"href":"https:\/\/bernardvanbaalen.com\/index.php?rest_route=\/wp\/v2\/pages"}],"about":[{"href":"https:\/\/bernardvanbaalen.com\/index.php?rest_route=\/wp\/v2\/types\/page"}],"author":[{"embeddable":true,"href":"https:\/\/bernardvanbaalen.com\/index.php?rest_route=\/wp\/v2\/users\/1"}],"replies":[{"embeddable":true,"href":"https:\/\/bernardvanbaalen.com\/index.php?rest_route=%2Fwp%2Fv2%2Fcomments&post=62"}],"version-history":[{"count":0,"href":"https:\/\/bernardvanbaalen.com\/index.php?rest_route=\/wp\/v2\/pages\/62\/revisions"}],"up":[{"embeddable":true,"href":"https:\/\/bernardvanbaalen.com\/index.php?rest_route=\/wp\/v2\/pages\/30"}],"wp:attachment":[{"href":"https:\/\/bernardvanbaalen.com\/index.php?rest_route=%2Fwp%2Fv2%2Fmedia&parent=62"}],"curies":[{"name":"wp","href":"https:\/\/api.w.org\/{rel}","templated":true}]}}